{"id":2254,"date":"2023-03-28T15:50:22","date_gmt":"2023-03-28T13:50:22","guid":{"rendered":"https:\/\/id30.org\/?page_id=2254"},"modified":"2023-03-28T15:51:42","modified_gmt":"2023-03-28T13:51:42","slug":"politique-de-confidentialite","status":"publish","type":"page","link":"https:\/\/id30.org\/index.php\/politique-de-confidentialite\/","title":{"rendered":"Politique de Confidentialit\u00e9"},"content":{"rendered":"\t\t<div data-elementor-type=\"wp-page\" data-elementor-id=\"2254\" class=\"elementor elementor-2254\" data-elementor-post-type=\"page\">\n\t\t\t\t\t\t<section class=\"elementor-section elementor-top-section elementor-element elementor-element-77a41353 elementor-section-full_width elementor-section-height-min-height elementor-section-height-default elementor-section-items-middle\" data-id=\"77a41353\" data-element_type=\"section\" data-settings=\"{&quot;background_background&quot;:&quot;classic&quot;}\">\n\t\t\t\t\t\t<div class=\"elementor-container elementor-column-gap-default\">\n\t\t\t\t\t<div class=\"elementor-column elementor-col-100 elementor-top-column elementor-element elementor-element-25ed7ae1\" data-id=\"25ed7ae1\" data-element_type=\"column\">\n\t\t\t<div class=\"elementor-widget-wrap elementor-element-populated\">\n\t\t\t\t\t\t<div class=\"elementor-element elementor-element-4ba25929 elementor-widget elementor-widget-heading\" data-id=\"4ba25929\" data-element_type=\"widget\" data-widget_type=\"heading.default\">\n\t\t\t\t<div class=\"elementor-widget-container\">\n\t\t\t<style>\/*! elementor - v3.19.0 - 28-02-2024 *\/\n.elementor-heading-title{padding:0;margin:0;line-height:1}.elementor-widget-heading .elementor-heading-title[class*=elementor-size-]>a{color:inherit;font-size:inherit;line-height:inherit}.elementor-widget-heading .elementor-heading-title.elementor-size-small{font-size:15px}.elementor-widget-heading .elementor-heading-title.elementor-size-medium{font-size:19px}.elementor-widget-heading .elementor-heading-title.elementor-size-large{font-size:29px}.elementor-widget-heading .elementor-heading-title.elementor-size-xl{font-size:39px}.elementor-widget-heading .elementor-heading-title.elementor-size-xxl{font-size:59px}<\/style><h1 class=\"elementor-heading-title elementor-size-default\">Politique de Confidentialit\u00e9<\/h1>\t\t<\/div>\n\t\t\t\t<\/div>\n\t\t\t\t\t<\/div>\n\t\t<\/div>\n\t\t\t\t\t<\/div>\n\t\t<\/section>\n\t\t\t\t<section class=\"elementor-section elementor-top-section elementor-element elementor-element-5ea1e07c elementor-section-boxed elementor-section-height-default elementor-section-height-default\" data-id=\"5ea1e07c\" data-element_type=\"section\">\n\t\t\t\t\t\t<div class=\"elementor-container elementor-column-gap-default\">\n\t\t\t\t\t<div class=\"elementor-column elementor-col-100 elementor-top-column elementor-element elementor-element-516cef11\" data-id=\"516cef11\" data-element_type=\"column\">\n\t\t\t<div class=\"elementor-widget-wrap elementor-element-populated\">\n\t\t\t\t\t\t<div class=\"elementor-element elementor-element-38170d82 elementor-widget elementor-widget-text-editor\" data-id=\"38170d82\" data-element_type=\"widget\" data-widget_type=\"text-editor.default\">\n\t\t\t\t<div class=\"elementor-widget-container\">\n\t\t\t<style>\/*! elementor - v3.19.0 - 28-02-2024 *\/\n.elementor-widget-text-editor.elementor-drop-cap-view-stacked .elementor-drop-cap{background-color:#69727d;color:#fff}.elementor-widget-text-editor.elementor-drop-cap-view-framed .elementor-drop-cap{color:#69727d;border:3px solid;background-color:transparent}.elementor-widget-text-editor:not(.elementor-drop-cap-view-default) .elementor-drop-cap{margin-top:8px}.elementor-widget-text-editor:not(.elementor-drop-cap-view-default) .elementor-drop-cap-letter{width:1em;height:1em}.elementor-widget-text-editor .elementor-drop-cap{float:left;text-align:center;line-height:1;font-size:50px}.elementor-widget-text-editor .elementor-drop-cap-letter{display:inline-block}<\/style>\t\t\t\t<div data-pm-slice=\"1 1 []\" data-en-clipboard=\"true\">Cette politique de confidentialit\u00e9 d\u00e9crit la mani\u00e8re dont vos donn\u00e9es personnelles sont collect\u00e9es, utilis\u00e9es et partag\u00e9es lorsque vous utilisez le site www.id30.org\u00a0(le \u201cSite\u201d) conform\u00e9ment \u00e0 la RGPD du 25 mai 2018.<\/div><div>\u00a0<\/div><div>LES INFORMATIONS PERSONNELLES QUE NOUS COLLECTONS<\/div><div>\u00a0<\/div><div>Lorsque vous utilisez le site, nous collectons automatiquement certaines informations sur l\u2019appareil que vous utilisez notamment le navigateur que vous utilisez, votre adresse IP, votre fuseau horaire et quelques cookies qui sont install\u00e9s sur votre appareil. Lorsque vous consultez les page du Site, nous collectons de l\u2019information sur les pages web visit\u00e9es et les produits visionn\u00e9s, de quels sites vous provenez et l\u2019information sur la mani\u00e8re dont vous interagissez avec le site (&#8220;Donn\u00e9es de l\u2019appareil \u00bb)<\/div><div>\u00a0<\/div><div>Nous collectons les donn\u00e9es de l\u2019appareil en utilisant les technologies suivantes :<\/div><div>\u00a0<\/div><div>fichiers \u00ab log \u00bb qui enregistrent les actions sur le Site et collectent les donn\u00e9es tels que votre adresse IP, type de navigateur, fournisseur d\u2019Internet, pages d\u2019entr\u00e9e\/de sortie et horodateurs<\/div><div>Signets web, tags et pixels qui sont des fichiers \u00e9lectroniques utilis\u00e9s pour enregistrer des donn\u00e9es sur votre mani\u00e8re de naviguer \u00e0 travers le site.<\/div><div>\u00a0<\/div><div>Aussi, lorsque vous vous inscrivez \u00e0 notre newsletter via le Site, nous collectons les donn\u00e9es que vous nous donnez tels que votre nom, votre adresse email, votre adresse et votre num\u00e9ro de t\u00e9l\u00e9phone (le cas \u00e9ch\u00e9ant). Ces donn\u00e9es sont appel\u00e9es \u00ab informations sur la commande \u00bb<\/div><div>\u00a0<\/div><div>Lorsque nous faisons r\u00e9f\u00e9rence aux \u00ab Donn\u00e9es Personnelles \u00bb dans cette politique de confidentialit\u00e9, nous faisons r\u00e9f\u00e9rence aux informations sur la commande et aux donn\u00e9es de l\u2019appareil<\/div><div>\u00a0<\/div><div>COMMENT EXPLOITONS NOUS VOS DONNEES PERSONNELLES<\/div><div>\u00a0<\/div><div>Nous utilisons les informations sur la commande pour ex\u00e9cuter votre commande de produits ou services qui sont pass\u00e9s sur le site. Nous utilisons aussi ces informations pour<\/div><div>\u00a0<\/div><div>Communiquer avec vous<\/div><div>Traiter nos commandes et \u00e9viter tout risque de fraude<\/div><div>\u00a0<\/div><div>Et lorsque vous avez coch\u00e9 la case correspondante, nous vous fournissons des donn\u00e9es promotionnelles sous la forme de newsletters et d\u2019emails.<\/div><div>\u00a0<\/div><div>Nous utilisons les donn\u00e9es de l\u2019appareil pour nous aider \u00e0 \u00e9viter tout risque de fraude (en particulier votre adresse IP) et plus g\u00e9n\u00e9ralement pour am\u00e9liorer et optimiser notre site (en g\u00e9n\u00e9rant, par exemple, des statistiques sur la mani\u00e8re dont nos clients interagissent avec le site et pour mesurer la r\u00e9ussite de nos campagnes marketing).<\/div><div>\u00a0<\/div><div>LE PARTAGE DE VOS DONNEES PERSONNELLES<\/div><div>\u00a0<\/div><div>Nous paragons vos donn\u00e9es personnelles exclusivement avec notre fournisseur de plateforme WordPress.<\/div><div>\u00a0<\/div><div>Enfin, il peut nous arriver de partager vos informations personnelles pour \u00eatre conformes aux lois nationales et sur demande du minist\u00e8re de l\u2019int\u00e9rieur et pour prot\u00e9ger nos droits.<\/div><div>\u00a0<\/div><div>VOS DROITS<\/div><div>\u00a0<\/div><div>Si vous r\u00e9sidez en Europe, vous avez le droit d\u2019acc\u00e9der \u00e0 vos donn\u00e9es personnelles. Vous pouvez nous demander que ces informations vous soient restitu\u00e9es, modifi\u00e9es, mises \u00e0 jour ou supprim\u00e9es. Si vous avez envie d\u2019exercer ce droit, merci de nous contacter \u00e0 contact@id30.org<\/div><div>\u00a0<\/div><div>De plus, si vous \u00eates r\u00e9sident Europ\u00e9en, nous traitons vos donn\u00e9es afin de respecter les contrats de vente pass\u00e9s avec le site (par exemple lorsque vous passez une commande), et que nous le faisons pour poursuivre une activit\u00e9 commerciale l\u00e9gitime. Merci de noter que vos informations sont transf\u00e9r\u00e9es en dehors de l\u2019UE, y compris au Canada et aux USA comme cela \u00e9tait d\u00e9j\u00e0 le cas avant la RGPD.<\/div><div>\u00a0<\/div><div>CONSERVATION DES DONNEES<\/div><div>\u00a0<\/div><div>Lorsque vous passez une commande sur le site, nous conserverons vos donn\u00e9es de commande dans nos archives jusqu\u2019\u00e0 ce que vous nous demandez de les supprimer.<\/div><div>\u00a0<\/div><div>MINEURS<\/div><div>\u00a0<\/div><div>L\u2019utilisation de ce site et la prise de commandes est destin\u00e9e \u00e0 des usagers de plus de 18 ans (ou des mineurs \u00e9mancip\u00e9s)<\/div><div>\u00a0<\/div><div>MODIFICATIONS<\/div><div>\u00a0<\/div><div>Cette politique de confidentialit\u00e9 risque d\u2019\u00eatre mise \u00e0 jour en raison des modifications de pratiques legislatives, op\u00e9rationnelles ou pour une mise en conformit\u00e9 avec la r\u00e8glementation.<\/div>\t\t\t\t\t\t<\/div>\n\t\t\t\t<\/div>\n\t\t\t\t\t<\/div>\n\t\t<\/div>\n\t\t\t\t\t<\/div>\n\t\t<\/section>\n\t\t\t\t<\/div>\n\t\t","protected":false},"excerpt":{"rendered":"<p>Politique de Confidentialit\u00e9 Cette politique de confidentialit\u00e9 d\u00e9crit la mani\u00e8re dont vos donn\u00e9es personnelles sont collect\u00e9es, utilis\u00e9es et partag\u00e9es lorsque vous utilisez le site www.id30.org\u00a0(le \u201cSite\u201d) conform\u00e9ment \u00e0 la RGPD du 25 mai 2018.\u00a0LES INFORMATIONS PERSONNELLES QUE NOUS COLLECTONS\u00a0Lorsque vous utilisez le site, nous collectons automatiquement certaines informations sur l\u2019appareil que vous utilisez notamment le [&hellip;]<\/p>\n","protected":false},"author":2,"featured_media":0,"parent":0,"menu_order":0,"comment_status":"closed","ping_status":"closed","template":"elementor_header_footer","meta":{"footnotes":""},"class_list":["post-2254","page","type-page","status-publish","hentry"],"yoast_head":"<!-- This site is optimized with the Yoast SEO plugin v22.4 - https:\/\/yoast.com\/wordpress\/plugins\/seo\/ -->\n<title>Politique de Confidentialit\u00e9 - ID30<\/title>\n<meta name=\"robots\" content=\"index, follow, max-snippet:-1, max-image-preview:large, max-video-preview:-1\" \/>\n<link rel=\"canonical\" href=\"https:\/\/id30.org\/index.php\/politique-de-confidentialite\/\" \/>\n<meta property=\"og:locale\" content=\"en_US\" \/>\n<meta property=\"og:type\" content=\"article\" \/>\n<meta property=\"og:title\" content=\"Politique de Confidentialit\u00e9 - ID30\" \/>\n<meta property=\"og:description\" content=\"Politique de Confidentialit\u00e9 Cette politique de confidentialit\u00e9 d\u00e9crit la mani\u00e8re dont vos donn\u00e9es personnelles sont collect\u00e9es, utilis\u00e9es et partag\u00e9es lorsque vous utilisez le site www.id30.org\u00a0(le \u201cSite\u201d) conform\u00e9ment \u00e0 la RGPD du 25 mai 2018.\u00a0LES INFORMATIONS PERSONNELLES QUE NOUS COLLECTONS\u00a0Lorsque vous utilisez le site, nous collectons automatiquement certaines informations sur l\u2019appareil que vous utilisez notamment le [&hellip;]\" \/>\n<meta property=\"og:url\" content=\"https:\/\/id30.org\/index.php\/politique-de-confidentialite\/\" \/>\n<meta property=\"og:site_name\" content=\"ID30\" \/>\n<meta property=\"article:publisher\" content=\"https:\/\/www.facebook.com\/people\/ID30\/100086515147370\/\" \/>\n<meta property=\"article:modified_time\" content=\"2023-03-28T13:51:42+00:00\" \/>\n<meta property=\"og:image\" content=\"https:\/\/id30.org\/wp-content\/uploads\/2023\/03\/Sans-titre-5.jpg\" \/>\n\t<meta property=\"og:image:width\" content=\"1200\" \/>\n\t<meta property=\"og:image:height\" content=\"675\" \/>\n\t<meta property=\"og:image:type\" content=\"image\/jpeg\" \/>\n<meta name=\"twitter:card\" content=\"summary_large_image\" \/>\n<meta name=\"twitter:label1\" content=\"Est. reading time\" \/>\n\t<meta name=\"twitter:data1\" content=\"3 minutes\" \/>\n<script type=\"application\/ld+json\" class=\"yoast-schema-graph\">{\"@context\":\"https:\/\/schema.org\",\"@graph\":[{\"@type\":\"WebPage\",\"@id\":\"https:\/\/id30.org\/index.php\/politique-de-confidentialite\/\",\"url\":\"https:\/\/id30.org\/index.php\/politique-de-confidentialite\/\",\"name\":\"Politique de Confidentialit\u00e9 - ID30\",\"isPartOf\":{\"@id\":\"https:\/\/id30.org\/#website\"},\"datePublished\":\"2023-03-28T13:50:22+00:00\",\"dateModified\":\"2023-03-28T13:51:42+00:00\",\"breadcrumb\":{\"@id\":\"https:\/\/id30.org\/index.php\/politique-de-confidentialite\/#breadcrumb\"},\"inLanguage\":\"en-US\",\"potentialAction\":[{\"@type\":\"ReadAction\",\"target\":[\"https:\/\/id30.org\/index.php\/politique-de-confidentialite\/\"]}]},{\"@type\":\"BreadcrumbList\",\"@id\":\"https:\/\/id30.org\/index.php\/politique-de-confidentialite\/#breadcrumb\",\"itemListElement\":[{\"@type\":\"ListItem\",\"position\":1,\"name\":\"Home\",\"item\":\"https:\/\/id30.org\/\"},{\"@type\":\"ListItem\",\"position\":2,\"name\":\"Politique de Confidentialit\u00e9\"}]},{\"@type\":\"WebSite\",\"@id\":\"https:\/\/id30.org\/#website\",\"url\":\"https:\/\/id30.org\/\",\"name\":\"ID30\",\"description\":\"ID30 coach governments in their digital transformation\",\"publisher\":{\"@id\":\"https:\/\/id30.org\/#organization\"},\"potentialAction\":[{\"@type\":\"SearchAction\",\"target\":{\"@type\":\"EntryPoint\",\"urlTemplate\":\"https:\/\/id30.org\/?s={search_term_string}\"},\"query-input\":\"required name=search_term_string\"}],\"inLanguage\":\"en-US\"},{\"@type\":\"Organization\",\"@id\":\"https:\/\/id30.org\/#organization\",\"name\":\"ID30\",\"url\":\"https:\/\/id30.org\/\",\"logo\":{\"@type\":\"ImageObject\",\"inLanguage\":\"en-US\",\"@id\":\"https:\/\/id30.org\/#\/schema\/logo\/image\/\",\"url\":\"https:\/\/id30.org\/wp-content\/uploads\/2023\/02\/horizontal-couleurlogo.png\",\"contentUrl\":\"https:\/\/id30.org\/wp-content\/uploads\/2023\/02\/horizontal-couleurlogo.png\",\"width\":336,\"height\":124,\"caption\":\"ID30\"},\"image\":{\"@id\":\"https:\/\/id30.org\/#\/schema\/logo\/image\/\"},\"sameAs\":[\"https:\/\/www.facebook.com\/people\/ID30\/100086515147370\/\",\"https:\/\/www.linkedin.com\/company\/id30\/\"]}]}<\/script>\n<!-- \/ Yoast SEO plugin. -->","yoast_head_json":{"title":"Politique de Confidentialit\u00e9 - ID30","robots":{"index":"index","follow":"follow","max-snippet":"max-snippet:-1","max-image-preview":"max-image-preview:large","max-video-preview":"max-video-preview:-1"},"canonical":"https:\/\/id30.org\/index.php\/politique-de-confidentialite\/","og_locale":"en_US","og_type":"article","og_title":"Politique de Confidentialit\u00e9 - ID30","og_description":"Politique de Confidentialit\u00e9 Cette politique de confidentialit\u00e9 d\u00e9crit la mani\u00e8re dont vos donn\u00e9es personnelles sont collect\u00e9es, utilis\u00e9es et partag\u00e9es lorsque vous utilisez le site www.id30.org\u00a0(le \u201cSite\u201d) conform\u00e9ment \u00e0 la RGPD du 25 mai 2018.\u00a0LES INFORMATIONS PERSONNELLES QUE NOUS COLLECTONS\u00a0Lorsque vous utilisez le site, nous collectons automatiquement certaines informations sur l\u2019appareil que vous utilisez notamment le [&hellip;]","og_url":"https:\/\/id30.org\/index.php\/politique-de-confidentialite\/","og_site_name":"ID30","article_publisher":"https:\/\/www.facebook.com\/people\/ID30\/100086515147370\/","article_modified_time":"2023-03-28T13:51:42+00:00","og_image":[{"width":1200,"height":675,"url":"https:\/\/id30.org\/wp-content\/uploads\/2023\/03\/Sans-titre-5.jpg","type":"image\/jpeg"}],"twitter_card":"summary_large_image","twitter_misc":{"Est. reading time":"3 minutes"},"schema":{"@context":"https:\/\/schema.org","@graph":[{"@type":"WebPage","@id":"https:\/\/id30.org\/index.php\/politique-de-confidentialite\/","url":"https:\/\/id30.org\/index.php\/politique-de-confidentialite\/","name":"Politique de Confidentialit\u00e9 - ID30","isPartOf":{"@id":"https:\/\/id30.org\/#website"},"datePublished":"2023-03-28T13:50:22+00:00","dateModified":"2023-03-28T13:51:42+00:00","breadcrumb":{"@id":"https:\/\/id30.org\/index.php\/politique-de-confidentialite\/#breadcrumb"},"inLanguage":"en-US","potentialAction":[{"@type":"ReadAction","target":["https:\/\/id30.org\/index.php\/politique-de-confidentialite\/"]}]},{"@type":"BreadcrumbList","@id":"https:\/\/id30.org\/index.php\/politique-de-confidentialite\/#breadcrumb","itemListElement":[{"@type":"ListItem","position":1,"name":"Home","item":"https:\/\/id30.org\/"},{"@type":"ListItem","position":2,"name":"Politique de Confidentialit\u00e9"}]},{"@type":"WebSite","@id":"https:\/\/id30.org\/#website","url":"https:\/\/id30.org\/","name":"ID30","description":"ID30 coach governments in their digital transformation","publisher":{"@id":"https:\/\/id30.org\/#organization"},"potentialAction":[{"@type":"SearchAction","target":{"@type":"EntryPoint","urlTemplate":"https:\/\/id30.org\/?s={search_term_string}"},"query-input":"required name=search_term_string"}],"inLanguage":"en-US"},{"@type":"Organization","@id":"https:\/\/id30.org\/#organization","name":"ID30","url":"https:\/\/id30.org\/","logo":{"@type":"ImageObject","inLanguage":"en-US","@id":"https:\/\/id30.org\/#\/schema\/logo\/image\/","url":"https:\/\/id30.org\/wp-content\/uploads\/2023\/02\/horizontal-couleurlogo.png","contentUrl":"https:\/\/id30.org\/wp-content\/uploads\/2023\/02\/horizontal-couleurlogo.png","width":336,"height":124,"caption":"ID30"},"image":{"@id":"https:\/\/id30.org\/#\/schema\/logo\/image\/"},"sameAs":["https:\/\/www.facebook.com\/people\/ID30\/100086515147370\/","https:\/\/www.linkedin.com\/company\/id30\/"]}]}},"_links":{"self":[{"href":"https:\/\/id30.org\/index.php\/wp-json\/wp\/v2\/pages\/2254","targetHints":{"allow":["GET"]}}],"collection":[{"href":"https:\/\/id30.org\/index.php\/wp-json\/wp\/v2\/pages"}],"about":[{"href":"https:\/\/id30.org\/index.php\/wp-json\/wp\/v2\/types\/page"}],"author":[{"embeddable":true,"href":"https:\/\/id30.org\/index.php\/wp-json\/wp\/v2\/users\/2"}],"replies":[{"embeddable":true,"href":"https:\/\/id30.org\/index.php\/wp-json\/wp\/v2\/comments?post=2254"}],"version-history":[{"count":7,"href":"https:\/\/id30.org\/index.php\/wp-json\/wp\/v2\/pages\/2254\/revisions"}],"predecessor-version":[{"id":2261,"href":"https:\/\/id30.org\/index.php\/wp-json\/wp\/v2\/pages\/2254\/revisions\/2261"}],"wp:attachment":[{"href":"https:\/\/id30.org\/index.php\/wp-json\/wp\/v2\/media?parent=2254"}],"curies":[{"name":"wp","href":"https:\/\/api.w.org\/{rel}","templated":true}]}}